{"id":9,"date":"2020-08-14T14:29:45","date_gmt":"2020-08-14T14:29:45","guid":{"rendered":"https:\/\/startersites.io\/blocksy\/business\/?page_id=9"},"modified":"2026-04-13T11:57:26","modified_gmt":"2026-04-13T11:57:26","slug":"home","status":"publish","type":"page","link":"https:\/\/cebc.cl\/wp2\/","title":{"rendered":"HOME"},"content":{"rendered":"\n\n\n\n\n\n\n\n\n\n<p>Lorem Ipsum has been the industry&#8217;s standard dummy text ever since the 1500s.<\/p>\n\n\n\n\n\n\n\n<h3><span style=\"font-weight: normal;\"><span style=\"font-weight: normal;\">A\u00d1O ACAD\u00c9MICO 2026<\/span><\/span><\/h3>\n\n\n\n<h1><em>Ya iniciamos las clases\u00a0<\/em><\/h1>\n\n\n<h2><span style=\"font-weight: normal;\"><span style=\"font-weight: normal;\">Hola, ya iniciamos las clases la<span style=\"background-color:#000000;\"><\/span>s clases en todas las sedes vecinales de las comunas. Tenemos la convicci\u00f3n de que ese s<span style=\"background-color:#000000;\"><\/span>er\u00e1 un excelente a\u00f1o repleto de desaf\u00edos y nuevas experiencias.\u00a0<\/span><\/span><\/h2>\n\n\n\n\n<p>Lorem Ipsum has been the industry&#8217;s standard dummy text ever since the 1500s.<\/p>\n\n\n\n\n\n\n\n<p>NUESTRO PROYECTO<\/p>\n\n\n\n\n\n<p>Lorem Ipsum has been the industry&#8217;s standard dummy text ever since the 1500s.<\/p>\n\n\n<p>Lorem Ipsum has been the industry&#8217;s standard dummy text ever since the 1500s.<\/p>\n\n\n\n\n<h4><span class=\"docData;DOCY;v5;1677;BQiAAgAAEYQCAAAGiAIAAAPxBQAABf8FAAAAAAAAAAAAAAAAAAAAAAAAAAAAAAAAAAAAAAAAAAAAAAAAAAAAAAAAAAAAAAAAAAAAAAAAAAAAAAAAAAAAAAAAAAAAAAAAAAAAAAAAAAAAAAAAAAAAAAAAAAAAAAAAAAAAAAAAAAAAAAAAAAAAAAAAAAAAAAAAAAAAAAAAAAAAAAAAAAAAAAAAAAAAAAAAAAAAAAAAAAAAAAAAAAAAAAAAAAAAAAAAAAAAAAAAAAAAAAAAAAAAAAAAAAAAAAAAAAAAAAAAAAAAAAAAAAAAAAAAAAAAAAAAAAAAAAAAAAAAAAAAAAAAAAAAAAAAAAAAAAAAAAAAAAAAAAAAAAAAAAAAAAAAAAAAAAAAAAAAAAAAAAAAAAAAAAAAAAAAAAAAAAAAAAAAAAAAAAAAAAAAAAAAAAAAAAAAAAAAAAAAAAAAAAAAAAAAAAAAAAAAAAAAAAAAAAAAAAAAAAAAAAAAAAAAAAAAAAAAAAAAAAAAAAAAAAAAAAAAAAAAAAAAAAAAAAAAAAAAAAAAAAAAAAAAAAAAAAAAAAAAAAAAAAAAAAAAAAAAAAAAAAAAAAAAAAAAAAAAAAAAAAAAAAAAAAAAAAAAAAAAAAAAAAAAAAAAAAAAAAAAAAAAAAAAAAAAAAAAAAAAAAAAAAAAAAAAAAAAAAAAAAAAAAAAAAAAAAAAAAAAAAAAAAAAAAAAAAAAAAAAAAAAAAAAAAAAAAAAAAAAAAAAAAAAAAAAAAAAAAAAAAAAAAAAAAAAAAAAAAAAAAAAAAAAAAAAAAAAAAAAAAAAAAAAAAAAAAAAAAAAAAAAAAAAAAAAAAAAAAAAAAAAAAAAZQMAAABgAwAAARsAAAABBgAAAAAFAQMJBgAAAAAaBgAAAAAbBgAAAAACMgMAAAWXAAAAAQAAAAAIjQAAAACIAAAATgB1AGUAcwB0AHIAbwAgAHAAcgBvAGcAcgBhAG0AYQAgAHMAZQAgAHAAcgBlAHMAZQBuAHQAYQAgAGMAbwBtAG8AIAB1AG4AYQAgAHIAZQBzAHAAdQBlAHMAdABhACAAZQBmAGUAYwB0AGkAdgBhACAAYQBsACAAbABsAGEAbQBhAGQAbwAgAAUlAAAAAQAAAAAIGwAAAAAWAAAAcgBlAGkAbgBzAGUAcgB0AGEAcgAgAAUnAAAAAQAAAAAIHQAAAAAYAAAAeQAgAHIAZQB2AGkAbgBjAHUAbABhAHIABa8AAAABAAAAAAilAAAAAKAAAAAgAGEAIABsAGEAcwAgAHkAIABsAG8AcwAgAGoA8wB2AGUAbgBlAHMAIAB5ACAAYQBkAHUAbAB0AG8AcwAgAHEAdQBlACAAcwBlACAAZQBuAGMAdQBlAG4AdAByAGEAbgAgAGEAbAAgAG0AYQByAGcAZQBuACAAZABlAGwAIABzAGkAcwB0AGUAbQBhACAAZQBkAHUAYwBhAHQAaQB2AG8ABWkBAAABAAAAAAhfAQAAAFoBAAAsACAAcAB1AGUAcwAgAG4AdQBlAHMAdAByAGEAIABwAHIAbwBwAHUAZQBzAHQAYQAgAHAAZQBkAGEAZwDzAGcAaQBjAGEAIABjAHUAcgByAGkAYwB1AGwAYQByACAAcgBlAHAAcgBlAHMAZQBuAHQAYQAgAHUAbgBhACAAcABvAHMAaQBiAGkAbABpAGQAYQBkACAAcgBlAGEAbAAgAGQAZQAgAHIAZQB0AG8AbQBhAHIAIABzAHUAIAB2AGkAZABhACAAYQBjAGEAZADpAG0AaQBjAGEAIABjAG8AbgAgAGwAbwBzACAAYwBvAG4AbwBjAGkAbQBpAGUAbgB0AG8AcwAgAHkAIABoAGEAYgBpAGwAaQBkAGEAZABlAHMAIABuAGUAYwBlAHMAYQByAGkAYQBzACAAcABhAHIAYQAgAGUAbAAgAHMAaQBnAGwAbwAgAFgAWABJAC4ABQoAAAABAAAAAAgAAAAABQoAAAAIBQAAAA0AAAAAHwQAAACv\/jBpCgAAAAAAAAAAEQAAAACKAAAAAC0AAAABBgAAAAAJBhsAAAAnBBYBAAALAQEcAQAoBAAAAAAdAQApBKAAAAAbBgAAAAABTgAAACgBBykBByoBBysBBRMBAQgEGAAAABYEGAAAABkGCgAAAGUAcwAtAEMATAAaBgoAAABhAHIALQBTAEEAGwYKAAAAZQBuAC0AVQBTAC4BAwIAAAAA\" style=\"font-family:'Aptos';font-size:12pt;color:#000000;mso-style-textfill-fill-color:#000000\">Nuestro programa es una propuesta educativa social que busca\u00a0 <\/span><span style=\"font-family:'Aptos';font-size:12pt;color:#000000;mso-style-textfill-fill-color:#000000\">reinsertar <\/span><span style=\"font-family:'Aptos';font-size:12pt;color:#000000;mso-style-textfill-fill-color:#000000\">y revincular<\/span><span style=\"font-family:'Aptos';font-size:12pt;color:#000000;mso-style-textfill-fill-color:#000000\"> a las y los j\u00f3venes y adultos que deseen retomar sus estudios<\/span><span style=\"font-family:'Aptos';font-size:12pt;color:#000000;mso-style-textfill-fill-color:#000000\">, y que habiten en sectores de baja o nula presencia de establecimientos educacionales. Nuestra propuesta pedag\u00f3gica curricular representa una posibilidad real de retomar su vida acad\u00e9mica con los conocimientos y habilidades necesarias para el siglo XXI.<\/span><\/h4>\n\n\n<p><strong>Sellos Institucionales<\/strong><\/p>\n\n\n<h1><span style=\"font-family:'Aptos';font-size:12pt;color:#000000;mso-style-textfill-fill-color:#000000\">Los sellos y valores que promovemos se inspiran en una pedagog\u00eda:<\/span><\/h1>\n\n\n<h1><span style=\"font-family:'Aptos';font-size:12pt;color:#000000;mso-style-textfill-fill-color:#000000\"><strong><strong><strong><strong><strong>INCLUSIVA<\/strong><\/strong><\/strong><\/strong><\/strong><\/span><span style=\"font-family:'Aptos';font-size:12pt;color:#000000;mso-style-textfill-fill-color:#000000\">\u00a0<\/span><span style=\"font-family:'Aptos';font-size:12pt;background-color:#ffffff;color:#222222;mso-style-textfill-fill-color:#222222\">en <\/span><span style=\"font-family:'Aptos';font-size:12pt;background-color:#ffffff;color:#222222;mso-style-textfill-fill-color:#222222\">la <\/span><span style=\"font-family:'Aptos';font-size:12pt;background-color:#ffffff;color:#222222;mso-style-textfill-fill-color:#222222\"> cual los j\u00f3venes y adultos de nuestra comunidad aprend<\/span><span style=\"font-family:'Aptos';font-size:12pt;background-color:#ffffff;color:#222222;mso-style-textfill-fill-color:#222222\">e<\/span><span style=\"font-family:'Aptos';font-size:12pt;background-color:#ffffff;color:#222222;mso-style-textfill-fill-color:#222222\">n juntos independientemente de sus condiciones personales, sociales o culturales<\/span><span style=\"font-family:'Aptos';font-size:12pt;background-color:#ffffff;color:#222222;mso-style-textfill-fill-color:#222222\">;<\/span><\/h1>\n\n\n<h1><span style=\"font-family:'Aptos';font-size:12pt;background-color:#ffffff;color:#222222;mso-style-textfill-fill-color:#222222\"> <\/span><strong><span style=\"font-family:'Aptos';font-size:12pt;background-color:#ffffff;color:#222222;mso-style-textfill-fill-color:#222222\">DEMOCR\u00c1TIC<\/span><span style=\"font-family:'Aptos';font-size:12pt;background-color:#ffffff;color:#222222;mso-style-textfill-fill-color:#222222\">A<\/span><span style=\"font-family:'Aptos';font-size:12pt;background-color:#ffffff;color:#222222;mso-style-textfill-fill-color:#222222\">\u00a0<\/span><\/strong><span style=\"font-family:'Aptos';font-size:12pt;color:#000000;mso-style-textfill-fill-color:#000000\">en el cual todos los estamentos tienen incidencia en el proceso de aprendizaje<\/span><span style=\"font-family:'Aptos';font-size:12pt;color:#000000;mso-style-textfill-fill-color:#000000\">,<\/span><span style=\"font-family:'Aptos';font-size:12pt;color:#000000;mso-style-textfill-fill-color:#000000\"> lo que permite reconocer en sus integrantes la capacidad de expresar sus opiniones libremente en un ambiente de respeto y trabajo colaborativo<\/span><span style=\"font-family:'Aptos';font-size:12pt;color:#000000;mso-style-textfill-fill-color:#000000\">;<\/span><\/h1>\n\n\n<h1><span style=\"font-family:'Aptos';font-size:12pt;color:#000000;mso-style-textfill-fill-color:#000000\">Con <\/span><span style=\"font-family:'Aptos';font-size:12pt;color:#000000;mso-style-textfill-fill-color:#000000\"><strong>COMROMISO SOCIAL<\/strong><\/span><span style=\"font-family:'Aptos';font-size:12pt;color:#000000;mso-style-textfill-fill-color:#000000\">\u00a0<\/span><span style=\"font-family:'Aptos';font-size:12pt;color:#000000;mso-style-textfill-fill-color:#000000\">fomentando en sus <\/span><span style=\"font-family:'Aptos';font-size:12pt;color:#000000;mso-style-textfill-fill-color:#000000\"> integrantes no solamente tengan un compromiso acad\u00e9mico prof<\/span><span style=\"font-family:'Aptos';font-size:12pt;color:#000000;mso-style-textfill-fill-color:#000000\">undo<\/span><span style=\"font-family:'Aptos';font-size:12pt;color:#000000;mso-style-textfill-fill-color:#000000\">, sino que adem\u00e1s se identifiquen con un sentido val\u00f3rico y \u00e9tico hacia la comunidad en donde imp<\/span><span style=\"font-family:'Aptos';font-size:12pt;color:#000000;mso-style-textfill-fill-color:#000000\">arten sus clases y entregan su conocimiento, en la b\u00fasqueda de movilizar adultos y j\u00f3venes que vieron interrumpida su escolarizaci\u00f3n para que tambi\u00e9n formen parte responsablemente de su proceso de socializaci\u00f3n en donde desarrollen habilidades para la vida<\/span><span style=\"font-family:'Aptos';font-size:12pt;color:#000000;mso-style-textfill-fill-color:#000000\"> y <\/span><span style=\"font-family:'Aptos';font-size:12pt;color:#000000;mso-style-textfill-fill-color:#000000\"><strong><br><\/strong><\/span><\/h1>\n\n\n<h1><span style=\"font-family:'Aptos';font-size:12pt;color:#000000;mso-style-textfill-fill-color:#000000\"><strong><strong><strong>CONTINUIDAD DE ESTUDIOS<\/strong><\/strong><\/strong><\/span><span style=\"font-family:'Aptos';font-size:12pt;color:#000000;mso-style-textfill-fill-color:#000000\">\u00a0<\/span><span style=\"font-family:'Aptos';font-size:12pt;color:#000000;mso-style-textfill-fill-color:#000000\">m<\/span><span style=\"font-family:'Aptos';font-size:12pt;color:#000000;mso-style-textfill-fill-color:#000000\">otiva<\/span><span style=\"font-family:'Aptos';font-size:12pt;color:#000000;mso-style-textfill-fill-color:#000000\">ndo a las y <\/span><span style=\"font-family:'Aptos';font-size:12pt;color:#000000;mso-style-textfill-fill-color:#000000\"> los estudiantes para que no se limiten solamente a culminar la ense\u00f1anza media, sino que adem\u00e1s visualicen, dentro de sus expectativas, la consecuci\u00f3n de estudios de nivel superior.<\/span><\/h1>\n\n\n<p>.<\/p>\n\n\n\n\n\n\n<div class=\"wp-block-group is-layout-constrained wp-block-group-is-layout-constrained\">\n<div class=\"wp-block-stackable-text stk-block-text stk-block stk-cb4c882\" data-block-id=\"cb4c882\"><style>.stk-cb4c882 .stk-block-text__text{font-size:var(--stk--preset--font-size--large, 30px) !important;color:#000000 !important;font-family:system-ui, sans-serif !important;}@media screen and (max-width:999px){.stk-cb4c882 .stk-block-text__text{font-size:var(--stk--preset--font-size--large, 30px) !important;}}<\/style><p class=\"stk-block-text__text has-text-color has-text-align-center\"><strong>ESTAMOS ORGULLOSOS DE NUESTRA HISTORIA<\/strong><\/p><\/div>\n\n\n\n<div class=\"wp-block-columns has-palette-color-7-background-color has-background has-small-font-size is-layout-flex wp-container-core-columns-is-layout-28f84493 wp-block-columns-is-layout-flex\" style=\"border-style:none;border-width:0px;border-top-left-radius:0px;border-top-right-radius:0px;border-bottom-left-radius:0px;border-bottom-right-radius:0px\">\n<div class=\"wp-block-column is-layout-flow wp-block-column-is-layout-flow\"><div style=\"--ub-icon-rotation:rotate(0deg);--ub-icon-size:120px;--ub-icon-color:#0693e3;--ub-icon-justification:right;--ub-icon-border-top:  undefined;--ub-icon-border-right:  undefined;--ub-icon-border-bottom:  undefined;--ub-icon-border-left:  undefined\" class=\"wp-block-ub-icon\" id=\"ub-icon-\"><div class=\"ub_icon\"><div class=\"ub_icon_wrapper\"><svg xmlns=\"http:\/\/www.w3.org\/2000\/svg\" viewbox=\"0 0 448 512\"><path d=\"M319.4 320.6L224 416l-95.4-95.4C57.1 323.7 0 382.2 0 454.4v9.6c0 26.5 21.5 48 48 48h352c26.5 0 48-21.5 48-48v-9.6c0-72.2-57.1-130.7-128.6-133.8zM13.6 79.8l6.4 1.5v58.4c-7 4.2-12 11.5-12 20.3 0 8.4 4.6 15.4 11.1 19.7L3.5 242c-1.7 6.9 2.1 14 7.6 14h41.8c5.5 0 9.3-7.1 7.6-14l-15.6-62.3C51.4 175.4 56 168.4 56 160c0-8.8-5-16.1-12-20.3V87.1l66 15.9c-8.6 17.2-14 36.4-14 57 0 70.7 57.3 128 128 128s128-57.3 128-128c0-20.6-5.3-39.8-14-57l96.3-23.2c18.2-4.4 18.2-27.1 0-31.5l-190.4-46c-13-3.1-26.7-3.1-39.7 0L13.6 48.2c-18.1 4.4-18.1 27.2 0 31.6z\"><\/path><\/svg><\/div><\/div><\/div>\n\n\n<div class=\"ub_counter-container alignright wp-elements-15dff12f292de57a55f0a60d495113a0 wp-block-ub-counter has-text-color has-vivid-cyan-blue-color\" id=\"ub-counter-\">\n\t\t\t\t\t<div class=\"ub_counter ub_text-center\" data-start_num=\"1000\" data-end_num=\"9000\" data-animation_duration=\"2\" style=\"\">\n\t\t\t\t\t\t \n\t\t\t\t\t\t <div class=\"ub_counter-number-wrapper\" style=\"font-size: 48px; \">\n\t\t\t\t\t\t\t  <span class=\"ub_counter-prefix\"><\/span>\n\t\t\t\t\t\t\t  <span class=\"ub_counter-number\">0<\/span>\n\t\t\t\t\t\t\t  <span class=\"ub_counter-suffix\"><\/span>\n\t\t\t\t\t\t <\/div>\n\t\t\t\t\t\t <div class=\"ub_counter-label-wrapper\" style=\"font-size: 20px; \"><span class=\"ub_counter-label\">LICENCIADOS<\/span><\/div>\n\t\t\t\t\t<\/div>\n\t\t\t   <\/div><\/div>\n\n\n\n<div class=\"wp-block-column is-layout-flow wp-block-column-is-layout-flow\"><div style=\"--ub-icon-rotation:rotate(0deg);--ub-icon-size:120px;--ub-icon-color:#0693e3;--ub-icon-justification:center;--ub-icon-border-top:  undefined;--ub-icon-border-right:  undefined;--ub-icon-border-bottom:  undefined;--ub-icon-border-left:  undefined\" class=\"wp-block-ub-icon\" id=\"ub-icon-\"><div class=\"ub_icon\"><div class=\"ub_icon_wrapper\"><svg xmlns=\"http:\/\/www.w3.org\/2000\/svg\" viewbox=\"0 0 448 512\"><path d=\"M224 256c70.7 0 128-57.3 128-128S294.7 0 224 0 96 57.3 96 128s57.3 128 128 128zm89.6 32h-16.7c-22.2 10.2-46.9 16-72.9 16s-50.6-5.8-72.9-16h-16.7C60.2 288 0 348.2 0 422.4V464c0 26.5 21.5 48 48 48h352c26.5 0 48-21.5 48-48v-41.6c0-74.2-60.2-134.4-134.4-134.4z\"><\/path><\/svg><\/div><\/div><\/div>\n\n\n<div class=\"ub_counter-container wp-elements-a66824b2e6fddfad84a9553286995bb8 wp-block-ub-counter has-text-color has-vivid-cyan-blue-color\" id=\"ub-counter-\">\n\t\t\t\t\t<div class=\"ub_counter ub_text-center\" data-start_num=\"0\" data-end_num=\"300\" data-animation_duration=\"2\" style=\"\">\n\t\t\t\t\t\t \n\t\t\t\t\t\t <div class=\"ub_counter-number-wrapper\" style=\"font-size: 48px; \">\n\t\t\t\t\t\t\t  <span class=\"ub_counter-prefix\"><\/span>\n\t\t\t\t\t\t\t  <span class=\"ub_counter-number\">0<\/span>\n\t\t\t\t\t\t\t  <span class=\"ub_counter-suffix\">+<\/span>\n\t\t\t\t\t\t <\/div>\n\t\t\t\t\t\t <div class=\"ub_counter-label-wrapper\" style=\"font-size: 20px; \"><span class=\"ub_counter-label\">ESTUDIANTES MATRICULADOS<\/span><\/div>\n\t\t\t\t\t<\/div>\n\t\t\t   <\/div><\/div>\n\n\n\n<div class=\"wp-block-column is-layout-flow wp-block-column-is-layout-flow\">\n<figure class=\"wp-block-image size-full is-resized\"><img fetchpriority=\"high\" decoding=\"async\" width=\"286\" height=\"200\" src=\"https:\/\/cebc.cl\/wp2\/wp-content\/uploads\/2026\/04\/LOGO561.png\" alt=\"\" class=\"wp-image-2080\" style=\"width:334px;height:auto\"\/><\/figure>\n<\/div>\n\n\n\n<div class=\"wp-block-column is-layout-flow wp-block-column-is-layout-flow\">\n<figure class=\"wp-block-image size-full is-resized\"><img decoding=\"async\" width=\"699\" height=\"479\" src=\"https:\/\/cebc.cl\/wp2\/wp-content\/uploads\/2026\/04\/fon1.png\" alt=\"\" class=\"wp-image-1967\" style=\"aspect-ratio:1.459301078213941;width:347px;height:auto\" srcset=\"https:\/\/cebc.cl\/wp2\/wp-content\/uploads\/2026\/04\/fon1.png 699w, https:\/\/cebc.cl\/wp2\/wp-content\/uploads\/2026\/04\/fon1-300x206.png 300w\" sizes=\"(max-width: 699px) 100vw, 699px\" \/><\/figure>\n<\/div>\n<\/div>\n<\/div>\n\n\n\nPreguntas Frecuentes\n\n\n\n\n<h2>+ Casa Central<\/h2>\n\n\nLa Calera. Arturo Prat 416, bordemar,Chile\n\n\n\n\n<p [object NamedNodeMap]><br><\/p>\n\n\n\n\n\n\n<h6>Es completamente gratis<\/h6>\n\n\n\n\n\n\n\n\n<p>Tener 17 a\u00f1os cumplidos, Certificado de Estudio del \u00faltimo cursa aprobado y en casos especiales certificado de trabajo.<\/p>\n\n\n\n\n\n\n\n\n<p>Contamos con\u00a0 modalidad 2 cursos en uno en educaci\u00f3n media.<\/p>\n\n\n\n\n\n\n\n\n\n\n\n\n\n\n\n\n\n\n\n\n<p [object NamedNodeMap]><br><\/p>\n\n\n<p [object NamedNodeMap]><br><\/p>\n\n\n<p [object NamedNodeMap]><br><\/p>\n\n\n<p [object NamedNodeMap]><br><\/p>\n\n\n\n\n\n\n<p><\/p>\n","protected":false},"excerpt":{"rendered":"<p>ESTAMOS ORGULLOSOS DE NUESTRA HISTORIA<\/p>\n","protected":false},"author":1,"featured_media":0,"parent":0,"menu_order":0,"comment_status":"closed","ping_status":"closed","template":"","meta":{"pagelayer_contact_templates":[],"_pagelayer_content":"","footnotes":""},"class_list":["post-9","page","type-page","status-publish","hentry"],"blocksy_meta":{"page_title_panel":"","has_hero_section":"disabled","a021d615acb00704d22a215bb20821ff":"","hero_section":"type-1","hero_elements":[{"id":"custom_title","enabled":true,"heading_tag":"h1","title":"Home"},{"id":"custom_description","enabled":true,"description_visibility":{"desktop":true,"tablet":true,"mobile":false}},{"id":"custom_meta","enabled":false,"meta_elements":[{"id":"author","enabled":true,"label":"By","has_author_avatar":"yes","avatar_size":25},{"id":"post_date","enabled":true,"label":"On","date_format_source":"default","date_format":"M j, Y"},{"id":"comments","enabled":true}],"page_meta_elements":{"joined":true,"articles_count":true,"comments":true}},{"id":"breadcrumbs","enabled":false}],"d0505c9bc2c3a100918983b7672c5e6d":"","hero_alignment1":"left","hero_alignment2":"center","hero_vertical_alignment":"center","69a73150cebfaece67402936f1c0455f":"","hero_structure":"narrow","bd1080d581870d75437a0aec7ce14d23":"","page_title_bg_type":"featured_image","custom_hero_background":{"attachment_id":null},"parallax":{"desktop":false,"tablet":false,"mobile":false},"a45ed0d64b9a771c158335017296bd80":"","hero_height":"250px","pageTitleFont":{"family":"Default","variation":"Default","size":{"desktop":"32px","tablet":"30px","mobile":"25px"},"line-height":"CT_CSS_SKIP_RULE","letter-spacing":"CT_CSS_SKIP_RULE","text-transform":"CT_CSS_SKIP_RULE","text-decoration":"CT_CSS_SKIP_RULE"},"pageTitleFontColor":{"default":{"color":"CT_CSS_SKIP_RULEDEFAULT"}},"pageMetaFont":{"family":"Default","variation":"n6","size":{"desktop":"12px","tablet":"12px","mobile":"12px"},"line-height":"1.3","letter-spacing":"CT_CSS_SKIP_RULE","text-transform":"uppercase","text-decoration":"CT_CSS_SKIP_RULE"},"pageMetaFontColor":{"default":{"color":"CT_CSS_SKIP_RULEDEFAULT"},"hover":{"color":"CT_CSS_SKIP_RULEDEFAULT"}},"pageExcerptFont":{"family":"Default","variation":"Default","size":"CT_CSS_SKIP_RULE","line-height":"CT_CSS_SKIP_RULE","letter-spacing":"CT_CSS_SKIP_RULE","text-transform":"CT_CSS_SKIP_RULE","text-decoration":"CT_CSS_SKIP_RULE"},"pageExcerptColor":{"default":{"color":"CT_CSS_SKIP_RULEDEFAULT"}},"breadcrumbsFont":{"family":"Default","variation":"n6","size":"12px","line-height":"CT_CSS_SKIP_RULE","letter-spacing":"CT_CSS_SKIP_RULE","text-transform":"uppercase","text-decoration":"CT_CSS_SKIP_RULE"},"breadcrumbsFontColor":{"default":{"color":"CT_CSS_SKIP_RULEDEFAULT"},"initial":{"color":"CT_CSS_SKIP_RULEDEFAULT"},"hover":{"color":"CT_CSS_SKIP_RULEDEFAULT"}},"pageTitleOverlay":{"default":{"color":"rgba(41, 51, 60, 0.2)"}},"pageTitleBackground":{"background_type":"color","background_pattern":"type-1","background_image":{"attachment_id":null,"x":0,"y":0},"background_repeat":"no-repeat","background_size":"auto","background_attachment":"scroll","patternColor":{"default":{"color":"#e5e7ea"}},"backgroundColor":{"default":{"color":"#EDEFF2"}}},"c0700eea2d5f2a79943114245d9b0d3c":"","page_structure_type":"default","content_style":"inherit","vertical_spacing_source":"custom","content_area_spacing":"none","background":{"background_type":"color","background_pattern":"type-1","background_image":{"attachment_id":null,"x":0,"y":0},"background_repeat":"no-repeat","background_size":"auto","background_attachment":"scroll","patternColor":{"default":{"color":"#e5e7ea"}},"backgroundColor":{"default":{"color":"CT_CSS_SKIP_RULE"}}},"content_background":{"background_type":"color","background_pattern":"type-1","background_image":{"attachment_id":null,"x":0,"y":0},"background_repeat":"no-repeat","background_size":"auto","background_attachment":"scroll","patternColor":{"default":{"color":"#e5e7ea"}},"backgroundColor":{"default":{"color":"#ffffff"}}},"content_boxed_spacing":{"desktop":"40px","tablet":"35px","mobile":"20px"},"content_boxed_radius":{"top":"3px","bottom":"3px","left":"3px","right":"3px","linked":true},"content_boxed_shadow":{"blur":18,"spread":-6,"v_offset":12,"h_offset":0,"inset":false,"enable":true,"color":{"color":"rgba(34, 56, 101, 0.04)"}},"05c14464af83440d2458a3b59cd3c7c8":"","disable_featured_image":"no","disable_header":"no","disable_footer":"no","styles_descriptor":{"styles":{"desktop":"","tablet":"","mobile":""},"google_fonts":[]}},"featured_image_src":null,"_links":{"self":[{"href":"https:\/\/cebc.cl\/wp2\/wp-json\/wp\/v2\/pages\/9","targetHints":{"allow":["GET"]}}],"collection":[{"href":"https:\/\/cebc.cl\/wp2\/wp-json\/wp\/v2\/pages"}],"about":[{"href":"https:\/\/cebc.cl\/wp2\/wp-json\/wp\/v2\/types\/page"}],"author":[{"embeddable":true,"href":"https:\/\/cebc.cl\/wp2\/wp-json\/wp\/v2\/users\/1"}],"replies":[{"embeddable":true,"href":"https:\/\/cebc.cl\/wp2\/wp-json\/wp\/v2\/comments?post=9"}],"version-history":[{"count":126,"href":"https:\/\/cebc.cl\/wp2\/wp-json\/wp\/v2\/pages\/9\/revisions"}],"predecessor-version":[{"id":2087,"href":"https:\/\/cebc.cl\/wp2\/wp-json\/wp\/v2\/pages\/9\/revisions\/2087"}],"wp:attachment":[{"href":"https:\/\/cebc.cl\/wp2\/wp-json\/wp\/v2\/media?parent=9"}],"curies":[{"name":"wp","href":"https:\/\/api.w.org\/{rel}","templated":true}]}}